{"id":10,"date":"2022-08-14T17:04:03","date_gmt":"2022-08-14T15:04:03","guid":{"rendered":"http:\/\/shaktiyogalabaule.fr\/index.php\/contact\/"},"modified":"2026-03-02T09:58:24","modified_gmt":"2026-03-02T08:58:24","slug":"contact","status":"publish","type":"page","link":"https:\/\/shaktiyogalabaule.fr\/index.php\/contact\/","title":{"rendered":"Contact"},"content":{"rendered":"\t\t<div data-elementor-type=\"wp-page\" data-elementor-id=\"10\" class=\"elementor elementor-10\">\n\t\t\t\t\t\t<section class=\"elementor-section elementor-top-section elementor-element elementor-element-59cd853f elementor-section-height-min-height elementor-section-boxed elementor-section-height-default elementor-section-items-middle\" data-id=\"59cd853f\" data-element_type=\"section\" data-e-type=\"section\" data-settings=\"{&quot;background_background&quot;:&quot;classic&quot;}\">\n\t\t\t\t\t\t<div class=\"elementor-container elementor-column-gap-no\">\n\t\t\t\t\t<div class=\"elementor-column elementor-col-100 elementor-top-column elementor-element elementor-element-304b615c\" data-id=\"304b615c\" data-element_type=\"column\" data-e-type=\"column\">\n\t\t\t<div class=\"elementor-widget-wrap elementor-element-populated\">\n\t\t\t\t\t\t<div class=\"elementor-element elementor-element-755c9862 elementor-widget elementor-widget-heading\" data-id=\"755c9862\" data-element_type=\"widget\" data-e-type=\"widget\" data-widget_type=\"heading.default\">\n\t\t\t\t<div class=\"elementor-widget-container\">\n\t\t\t\t\t<h1 class=\"elementor-heading-title elementor-size-default\">Contactez-Nous<\/h1>\t\t\t\t<\/div>\n\t\t\t\t<\/div>\n\t\t\t\t<section class=\"elementor-section elementor-inner-section elementor-element elementor-element-736ccc83 elementor-section-boxed elementor-section-height-default elementor-section-height-default\" data-id=\"736ccc83\" data-element_type=\"section\" data-e-type=\"section\">\n\t\t\t\t\t\t<div class=\"elementor-container elementor-column-gap-no\">\n\t\t\t\t\t<div class=\"elementor-column elementor-col-100 elementor-inner-column elementor-element elementor-element-59555d67\" data-id=\"59555d67\" data-element_type=\"column\" data-e-type=\"column\">\n\t\t\t<div class=\"elementor-widget-wrap elementor-element-populated\">\n\t\t\t\t\t\t<div class=\"elementor-element elementor-element-4882741f elementor-widget elementor-widget-text-editor\" data-id=\"4882741f\" data-element_type=\"widget\" data-e-type=\"widget\" data-widget_type=\"text-editor.default\">\n\t\t\t\t<div class=\"elementor-widget-container\">\n\t\t\t\t\t\t\t\t\t<p>Vous avez des questions ?<\/p><p>N&rsquo;h\u00e9sitez pas \u00e0 nous contacter en utilisant les coordonn\u00e9es ci-dessous.<\/p>\t\t\t\t\t\t\t\t<\/div>\n\t\t\t\t<\/div>\n\t\t\t\t<div class=\"elementor-element elementor-element-139d85a9 elementor-widget-divider--view-line elementor-widget elementor-widget-divider\" data-id=\"139d85a9\" data-element_type=\"widget\" data-e-type=\"widget\" data-widget_type=\"divider.default\">\n\t\t\t\t<div class=\"elementor-widget-container\">\n\t\t\t\t\t\t\t<div class=\"elementor-divider\">\n\t\t\t<span class=\"elementor-divider-separator\">\n\t\t\t\t\t\t<\/span>\n\t\t<\/div>\n\t\t\t\t\t\t<\/div>\n\t\t\t\t<\/div>\n\t\t\t\t<div class=\"elementor-element elementor-element-21ea53d elementor-align-center elementor-icon-list--layout-traditional elementor-list-item-link-full_width elementor-widget elementor-widget-icon-list\" data-id=\"21ea53d\" data-element_type=\"widget\" data-e-type=\"widget\" data-widget_type=\"icon-list.default\">\n\t\t\t\t<div class=\"elementor-widget-container\">\n\t\t\t\t\t\t\t<ul class=\"elementor-icon-list-items\">\n\t\t\t\t\t\t\t<li class=\"elementor-icon-list-item\">\n\t\t\t\t\t\t\t\t\t\t\t<a href=\"https:\/\/www.instagram.com\/shaktiyoga.labaule\/\" target=\"_blank\">\n\n\t\t\t\t\t\t\t\t\t\t\t<span class=\"elementor-icon-list-text\">INSTAGRAM <\/span>\n\t\t\t\t\t\t\t\t\t\t\t<\/a>\n\t\t\t\t\t\t\t\t\t<\/li>\n\t\t\t\t\t\t\t\t<li class=\"elementor-icon-list-item\">\n\t\t\t\t\t\t\t\t\t\t\t<a href=\"https:\/\/www.facebook.com\/ShaktiYogaLaBaule\" target=\"_blank\">\n\n\t\t\t\t\t\t\t\t\t\t\t<span class=\"elementor-icon-list-text\">FACEBOOK<\/span>\n\t\t\t\t\t\t\t\t\t\t\t<\/a>\n\t\t\t\t\t\t\t\t\t<\/li>\n\t\t\t\t\t\t\t\t<li class=\"elementor-icon-list-item\">\n\t\t\t\t\t\t\t\t\t\t\t<a href=\"https:\/\/www.google.fr\/maps\/place\/Shakti+Yoga+La+Baule\/@47.2883741,-2.3838992,17z\/data=!3m1!4b1!4m5!3m4!1s0x48055d39d285dce3:0xc885fe5bb00bbb48!8m2!3d47.2883932!4d-2.3818166\">\n\n\t\t\t\t\t\t\t\t\t\t\t<span class=\"elementor-icon-list-text\">NOTRE ADRESSE : 209 Av. du Mar\u00e9chal de Lattre de Tassigny (acc\u00e8s via Av. Pasteur) 44500 La Baule-Escoublac<\/span>\n\t\t\t\t\t\t\t\t\t\t\t<\/a>\n\t\t\t\t\t\t\t\t\t<\/li>\n\t\t\t\t\t\t\t\t<li class=\"elementor-icon-list-item\">\n\t\t\t\t\t\t\t\t\t\t\t<a href=\"tel:0765517640\">\n\n\t\t\t\t\t\t\t\t\t\t\t<span class=\"elementor-icon-list-text\">TELEPHONE: 07 65 51 76 40<\/span>\n\t\t\t\t\t\t\t\t\t\t\t<\/a>\n\t\t\t\t\t\t\t\t\t<\/li>\n\t\t\t\t\t\t\t\t<li class=\"elementor-icon-list-item\">\n\t\t\t\t\t\t\t\t\t\t<span class=\"elementor-icon-list-text\">EMAIL: shaktiyoga.labaule@icloud.com<\/span>\n\t\t\t\t\t\t\t\t\t<\/li>\n\t\t\t\t\t\t<\/ul>\n\t\t\t\t\t\t<\/div>\n\t\t\t\t<\/div>\n\t\t\t\t\t<\/div>\n\t\t<\/div>\n\t\t\t\t\t<\/div>\n\t\t<\/section>\n\t\t\t\t\t<\/div>\n\t\t<\/div>\n\t\t\t\t\t<\/div>\n\t\t<\/section>\n\t\t\t\t<\/div>\n\t\t","protected":false},"excerpt":{"rendered":"<p>Contactez-Nous Vous avez des questions ? N&rsquo;h\u00e9sitez pas \u00e0 nous contacter en utilisant les coordonn\u00e9es ci-dessous. INSTAGRAM FACEBOOK NOTRE ADRESSE : 209 Av. du Mar\u00e9chal de Lattre de Tassigny (acc\u00e8s via Av. Pasteur) 44500 La Baule-Escoublac TELEPHONE: 07 65 51 76 40 EMAIL: shaktiyoga.labaule@icloud.com<\/p>\n","protected":false},"author":1,"featured_media":0,"parent":0,"menu_order":0,"comment_status":"closed","ping_status":"closed","template":"elementor_header_footer","meta":{"footnotes":""},"class_list":["post-10","page","type-page","status-publish","hentry"],"yoast_head":"<!-- This site is optimized with the Yoast SEO plugin v27.3 - https:\/\/yoast.com\/product\/yoast-seo-wordpress\/ -->\n<title>Contact - Shakti Yoga La Baule<\/title>\n<meta name=\"description\" content=\"Un petit studio de yoga &#039;cozy&#039; \u00e0 La Baule, pr\u00e9s du centre ville (avenue G\u00e9n\u00e9ral de Gaulle). Chez Shakti, nous pratiquons en petits groupes, en travaillant en douceur, en cr\u00e9ant une connexion avec la respiration et le mouvement. Vos professeurs, Noora et Suzanne, sont ravies de vous accompagner dans votre chemin de yoga. Cours collectifs et priv\u00e9s. Cours en fran\u00e7ais et en anglais. \u00c9galement yoga pr\u00e9- et postnatal. Yoga pour les enfants et adolescents. Ouvert toute l&#039;ann\u00e9e.\" \/>\n<meta name=\"robots\" content=\"index, follow, max-snippet:-1, max-image-preview:large, max-video-preview:-1\" \/>\n<link rel=\"canonical\" href=\"https:\/\/shaktiyogalabaule.fr\/index.php\/contact\/\" \/>\n<meta property=\"og:locale\" content=\"fr_FR\" \/>\n<meta property=\"og:type\" content=\"article\" \/>\n<meta property=\"og:title\" content=\"Contact - Shakti Yoga La Baule\" \/>\n<meta property=\"og:description\" content=\"Un petit studio de yoga &#039;cozy&#039; \u00e0 La Baule, pr\u00e9s du centre ville (avenue G\u00e9n\u00e9ral de Gaulle). Chez Shakti, nous pratiquons en petits groupes, en travaillant en douceur, en cr\u00e9ant une connexion avec la respiration et le mouvement. Vos professeurs, Noora et Suzanne, sont ravies de vous accompagner dans votre chemin de yoga. Cours collectifs et priv\u00e9s. Cours en fran\u00e7ais et en anglais. \u00c9galement yoga pr\u00e9- et postnatal. Yoga pour les enfants et adolescents. Ouvert toute l&#039;ann\u00e9e.\" \/>\n<meta property=\"og:url\" content=\"https:\/\/shaktiyogalabaule.fr\/index.php\/contact\/\" \/>\n<meta property=\"og:site_name\" content=\"Shakti Yoga La Baule\" \/>\n<meta property=\"article:publisher\" content=\"https:\/\/www.facebook.com\/ShaktiYogaLaBaule\/\" \/>\n<meta property=\"article:modified_time\" content=\"2026-03-02T08:58:24+00:00\" \/>\n<meta name=\"twitter:card\" content=\"summary_large_image\" \/>\n<meta name=\"twitter:label1\" content=\"Dur\u00e9e de lecture estim\u00e9e\" \/>\n\t<meta name=\"twitter:data1\" content=\"1 minute\" \/>\n<script type=\"application\/ld+json\" class=\"yoast-schema-graph\">{\"@context\":\"https:\\\/\\\/schema.org\",\"@graph\":[{\"@type\":\"WebPage\",\"@id\":\"https:\\\/\\\/shaktiyogalabaule.fr\\\/index.php\\\/contact\\\/\",\"url\":\"https:\\\/\\\/shaktiyogalabaule.fr\\\/index.php\\\/contact\\\/\",\"name\":\"Contact - Shakti Yoga La Baule\",\"isPartOf\":{\"@id\":\"https:\\\/\\\/shaktiyogalabaule.fr\\\/#website\"},\"datePublished\":\"2022-08-14T15:04:03+00:00\",\"dateModified\":\"2026-03-02T08:58:24+00:00\",\"description\":\"Un petit studio de yoga 'cozy' \u00e0 La Baule, pr\u00e9s du centre ville (avenue G\u00e9n\u00e9ral de Gaulle). Chez Shakti, nous pratiquons en petits groupes, en travaillant en douceur, en cr\u00e9ant une connexion avec la respiration et le mouvement. Vos professeurs, Noora et Suzanne, sont ravies de vous accompagner dans votre chemin de yoga. Cours collectifs et priv\u00e9s. Cours en fran\u00e7ais et en anglais. \u00c9galement yoga pr\u00e9- et postnatal. Yoga pour les enfants et adolescents. Ouvert toute l'ann\u00e9e.\",\"breadcrumb\":{\"@id\":\"https:\\\/\\\/shaktiyogalabaule.fr\\\/index.php\\\/contact\\\/#breadcrumb\"},\"inLanguage\":\"fr-FR\",\"potentialAction\":[{\"@type\":\"ReadAction\",\"target\":[\"https:\\\/\\\/shaktiyogalabaule.fr\\\/index.php\\\/contact\\\/\"]}]},{\"@type\":\"BreadcrumbList\",\"@id\":\"https:\\\/\\\/shaktiyogalabaule.fr\\\/index.php\\\/contact\\\/#breadcrumb\",\"itemListElement\":[{\"@type\":\"ListItem\",\"position\":1,\"name\":\"Accueil\",\"item\":\"https:\\\/\\\/shaktiyogalabaule.fr\\\/\"},{\"@type\":\"ListItem\",\"position\":2,\"name\":\"Contact\"}]},{\"@type\":\"WebSite\",\"@id\":\"https:\\\/\\\/shaktiyogalabaule.fr\\\/#website\",\"url\":\"https:\\\/\\\/shaktiyogalabaule.fr\\\/\",\"name\":\"Shakti Yoga La Baule\",\"description\":\"Shakti Yoga La Baule\",\"publisher\":{\"@id\":\"https:\\\/\\\/shaktiyogalabaule.fr\\\/#organization\"},\"potentialAction\":[{\"@type\":\"SearchAction\",\"target\":{\"@type\":\"EntryPoint\",\"urlTemplate\":\"https:\\\/\\\/shaktiyogalabaule.fr\\\/?s={search_term_string}\"},\"query-input\":{\"@type\":\"PropertyValueSpecification\",\"valueRequired\":true,\"valueName\":\"search_term_string\"}}],\"inLanguage\":\"fr-FR\"},{\"@type\":\"Organization\",\"@id\":\"https:\\\/\\\/shaktiyogalabaule.fr\\\/#organization\",\"name\":\"Shakti Yoga La Baule\",\"url\":\"https:\\\/\\\/shaktiyogalabaule.fr\\\/\",\"logo\":{\"@type\":\"ImageObject\",\"inLanguage\":\"fr-FR\",\"@id\":\"https:\\\/\\\/shaktiyogalabaule.fr\\\/#\\\/schema\\\/logo\\\/image\\\/\",\"url\":\"https:\\\/\\\/shaktiyogalabaule.fr\\\/wp-content\\\/uploads\\\/2022\\\/08\\\/Yoga-colour-2-01.png\",\"contentUrl\":\"https:\\\/\\\/shaktiyogalabaule.fr\\\/wp-content\\\/uploads\\\/2022\\\/08\\\/Yoga-colour-2-01.png\",\"width\":3544,\"height\":3544,\"caption\":\"Shakti Yoga La Baule\"},\"image\":{\"@id\":\"https:\\\/\\\/shaktiyogalabaule.fr\\\/#\\\/schema\\\/logo\\\/image\\\/\"},\"sameAs\":[\"https:\\\/\\\/www.facebook.com\\\/ShaktiYogaLaBaule\\\/\",\"https:\\\/\\\/www.instagram.com\\\/shaktiyoga.labaule\\\/\"]}]}<\/script>\n<!-- \/ Yoast SEO plugin. -->","yoast_head_json":{"title":"Contact - Shakti Yoga La Baule","description":"Un petit studio de yoga 'cozy' \u00e0 La Baule, pr\u00e9s du centre ville (avenue G\u00e9n\u00e9ral de Gaulle). Chez Shakti, nous pratiquons en petits groupes, en travaillant en douceur, en cr\u00e9ant une connexion avec la respiration et le mouvement. Vos professeurs, Noora et Suzanne, sont ravies de vous accompagner dans votre chemin de yoga. Cours collectifs et priv\u00e9s. Cours en fran\u00e7ais et en anglais. \u00c9galement yoga pr\u00e9- et postnatal. Yoga pour les enfants et adolescents. Ouvert toute l'ann\u00e9e.","robots":{"index":"index","follow":"follow","max-snippet":"max-snippet:-1","max-image-preview":"max-image-preview:large","max-video-preview":"max-video-preview:-1"},"canonical":"https:\/\/shaktiyogalabaule.fr\/index.php\/contact\/","og_locale":"fr_FR","og_type":"article","og_title":"Contact - Shakti Yoga La Baule","og_description":"Un petit studio de yoga 'cozy' \u00e0 La Baule, pr\u00e9s du centre ville (avenue G\u00e9n\u00e9ral de Gaulle). Chez Shakti, nous pratiquons en petits groupes, en travaillant en douceur, en cr\u00e9ant une connexion avec la respiration et le mouvement. Vos professeurs, Noora et Suzanne, sont ravies de vous accompagner dans votre chemin de yoga. Cours collectifs et priv\u00e9s. Cours en fran\u00e7ais et en anglais. \u00c9galement yoga pr\u00e9- et postnatal. Yoga pour les enfants et adolescents. Ouvert toute l'ann\u00e9e.","og_url":"https:\/\/shaktiyogalabaule.fr\/index.php\/contact\/","og_site_name":"Shakti Yoga La Baule","article_publisher":"https:\/\/www.facebook.com\/ShaktiYogaLaBaule\/","article_modified_time":"2026-03-02T08:58:24+00:00","twitter_card":"summary_large_image","twitter_misc":{"Dur\u00e9e de lecture estim\u00e9e":"1 minute"},"schema":{"@context":"https:\/\/schema.org","@graph":[{"@type":"WebPage","@id":"https:\/\/shaktiyogalabaule.fr\/index.php\/contact\/","url":"https:\/\/shaktiyogalabaule.fr\/index.php\/contact\/","name":"Contact - Shakti Yoga La Baule","isPartOf":{"@id":"https:\/\/shaktiyogalabaule.fr\/#website"},"datePublished":"2022-08-14T15:04:03+00:00","dateModified":"2026-03-02T08:58:24+00:00","description":"Un petit studio de yoga 'cozy' \u00e0 La Baule, pr\u00e9s du centre ville (avenue G\u00e9n\u00e9ral de Gaulle). Chez Shakti, nous pratiquons en petits groupes, en travaillant en douceur, en cr\u00e9ant une connexion avec la respiration et le mouvement. Vos professeurs, Noora et Suzanne, sont ravies de vous accompagner dans votre chemin de yoga. Cours collectifs et priv\u00e9s. Cours en fran\u00e7ais et en anglais. \u00c9galement yoga pr\u00e9- et postnatal. Yoga pour les enfants et adolescents. Ouvert toute l'ann\u00e9e.","breadcrumb":{"@id":"https:\/\/shaktiyogalabaule.fr\/index.php\/contact\/#breadcrumb"},"inLanguage":"fr-FR","potentialAction":[{"@type":"ReadAction","target":["https:\/\/shaktiyogalabaule.fr\/index.php\/contact\/"]}]},{"@type":"BreadcrumbList","@id":"https:\/\/shaktiyogalabaule.fr\/index.php\/contact\/#breadcrumb","itemListElement":[{"@type":"ListItem","position":1,"name":"Accueil","item":"https:\/\/shaktiyogalabaule.fr\/"},{"@type":"ListItem","position":2,"name":"Contact"}]},{"@type":"WebSite","@id":"https:\/\/shaktiyogalabaule.fr\/#website","url":"https:\/\/shaktiyogalabaule.fr\/","name":"Shakti Yoga La Baule","description":"Shakti Yoga La Baule","publisher":{"@id":"https:\/\/shaktiyogalabaule.fr\/#organization"},"potentialAction":[{"@type":"SearchAction","target":{"@type":"EntryPoint","urlTemplate":"https:\/\/shaktiyogalabaule.fr\/?s={search_term_string}"},"query-input":{"@type":"PropertyValueSpecification","valueRequired":true,"valueName":"search_term_string"}}],"inLanguage":"fr-FR"},{"@type":"Organization","@id":"https:\/\/shaktiyogalabaule.fr\/#organization","name":"Shakti Yoga La Baule","url":"https:\/\/shaktiyogalabaule.fr\/","logo":{"@type":"ImageObject","inLanguage":"fr-FR","@id":"https:\/\/shaktiyogalabaule.fr\/#\/schema\/logo\/image\/","url":"https:\/\/shaktiyogalabaule.fr\/wp-content\/uploads\/2022\/08\/Yoga-colour-2-01.png","contentUrl":"https:\/\/shaktiyogalabaule.fr\/wp-content\/uploads\/2022\/08\/Yoga-colour-2-01.png","width":3544,"height":3544,"caption":"Shakti Yoga La Baule"},"image":{"@id":"https:\/\/shaktiyogalabaule.fr\/#\/schema\/logo\/image\/"},"sameAs":["https:\/\/www.facebook.com\/ShaktiYogaLaBaule\/","https:\/\/www.instagram.com\/shaktiyoga.labaule\/"]}]}},"_links":{"self":[{"href":"https:\/\/shaktiyogalabaule.fr\/index.php\/wp-json\/wp\/v2\/pages\/10","targetHints":{"allow":["GET"]}}],"collection":[{"href":"https:\/\/shaktiyogalabaule.fr\/index.php\/wp-json\/wp\/v2\/pages"}],"about":[{"href":"https:\/\/shaktiyogalabaule.fr\/index.php\/wp-json\/wp\/v2\/types\/page"}],"author":[{"embeddable":true,"href":"https:\/\/shaktiyogalabaule.fr\/index.php\/wp-json\/wp\/v2\/users\/1"}],"replies":[{"embeddable":true,"href":"https:\/\/shaktiyogalabaule.fr\/index.php\/wp-json\/wp\/v2\/comments?post=10"}],"version-history":[{"count":121,"href":"https:\/\/shaktiyogalabaule.fr\/index.php\/wp-json\/wp\/v2\/pages\/10\/revisions"}],"predecessor-version":[{"id":1745,"href":"https:\/\/shaktiyogalabaule.fr\/index.php\/wp-json\/wp\/v2\/pages\/10\/revisions\/1745"}],"wp:attachment":[{"href":"https:\/\/shaktiyogalabaule.fr\/index.php\/wp-json\/wp\/v2\/media?parent=10"}],"curies":[{"name":"wp","href":"https:\/\/api.w.org\/{rel}","templated":true}]}}