{"id":1073,"date":"2023-11-08T08:11:49","date_gmt":"2023-11-08T07:11:49","guid":{"rendered":"https:\/\/shaktiyogalabaule.fr\/?page_id=1073"},"modified":"2026-01-27T21:01:21","modified_gmt":"2026-01-27T20:01:21","slug":"cours-prives","status":"publish","type":"page","link":"https:\/\/shaktiyogalabaule.fr\/index.php\/cours-prives\/","title":{"rendered":"Cours Priv\u00e9s"},"content":{"rendered":"\t\t<div data-elementor-type=\"wp-page\" data-elementor-id=\"1073\" class=\"elementor elementor-1073\">\n\t\t\t\t\t\t<section class=\"elementor-section elementor-top-section elementor-element elementor-element-a1957a6 elementor-section-boxed elementor-section-height-default elementor-section-height-default\" data-id=\"a1957a6\" data-element_type=\"section\" data-e-type=\"section\">\n\t\t\t\t\t\t<div class=\"elementor-container elementor-column-gap-default\">\n\t\t\t\t\t<div class=\"elementor-column elementor-col-100 elementor-top-column elementor-element elementor-element-165acb7\" data-id=\"165acb7\" data-element_type=\"column\" data-e-type=\"column\">\n\t\t\t<div class=\"elementor-widget-wrap elementor-element-populated\">\n\t\t\t\t\t\t<div class=\"elementor-element elementor-element-dac2dbb elementor-widget elementor-widget-heading\" data-id=\"dac2dbb\" data-element_type=\"widget\" data-e-type=\"widget\" data-widget_type=\"heading.default\">\n\t\t\t\t<div class=\"elementor-widget-container\">\n\t\t\t\t\t<h2 class=\"elementor-heading-title elementor-size-default\">Cours Priv\u00e9s<\/h2>\t\t\t\t<\/div>\n\t\t\t\t<\/div>\n\t\t\t\t\t<\/div>\n\t\t<\/div>\n\t\t\t\t\t<\/div>\n\t\t<\/section>\n\t\t\t\t<section class=\"elementor-section elementor-top-section elementor-element elementor-element-605cc12 elementor-section-boxed elementor-section-height-default elementor-section-height-default\" data-id=\"605cc12\" data-element_type=\"section\" data-e-type=\"section\">\n\t\t\t\t\t\t<div class=\"elementor-container elementor-column-gap-default\">\n\t\t\t\t\t<div class=\"elementor-column elementor-col-50 elementor-top-column elementor-element elementor-element-e05a9d1\" data-id=\"e05a9d1\" data-element_type=\"column\" data-e-type=\"column\">\n\t\t\t<div class=\"elementor-widget-wrap elementor-element-populated\">\n\t\t\t\t\t\t<div class=\"elementor-element elementor-element-580dd74 elementor-widget elementor-widget-heading\" data-id=\"580dd74\" data-element_type=\"widget\" data-e-type=\"widget\" data-widget_type=\"heading.default\">\n\t\t\t\t<div class=\"elementor-widget-container\">\n\t\t\t\t\t<h2 class=\"elementor-heading-title elementor-size-default\">individuel ou en groupe : <br><span style=\"color: var( --e-global-color-83e2db1 );font-family: var( --e-global-typography-secondary-font-family ), Sans-serif;font-size: var( --e-global-typography-secondary-font-size );font-weight: var( --e-global-typography-secondary-font-weight );text-transform: var( --e-global-typography-secondary-text-transform );background-color: var( --e-global-color-c696dce )\">\u00e0 votre domicile ou <\/span>\u00e0 la plage ...<\/h2>\t\t\t\t<\/div>\n\t\t\t\t<\/div>\n\t\t\t\t<div class=\"elementor-element elementor-element-da324fd elementor-widget elementor-widget-text-editor\" data-id=\"da324fd\" data-element_type=\"widget\" data-e-type=\"widget\" data-widget_type=\"text-editor.default\">\n\t\t\t\t<div class=\"elementor-widget-container\">\n\t\t\t\t\t\t\t\t\t<p>Peu importe si vous cherchez \u00e0 progresser dans votre pratique ou si vous souhaitez faire une activit\u00e9 de groupe (enterrement de vie de jeune fille, s\u00e9minaire, renforcement de l&rsquo;esprit d\u2019\u00e9quipe).<\/p><p>Les s\u00e9ances sont adapt\u00e9es et compl\u00e8tement personnalis\u00e9es selon vos besoins.<\/p><p>Tarifs :<\/p><ul><li>Individuel &#8211; 70\u20ac<\/li><li>2 personnes &#8211; 90\u20ac<\/li><li>3 personnes &#8211; 110\u20ac<\/li><li>4 personnes &#8211; 130\u20ac<\/li><li>5 personnes et plus, tarif fixe &#8211; 140\u20ac<\/li><li>Cours en Entreprise \u2013 tarifs sur demande.<\/li><\/ul><div>\u00a0<\/div><p>N\u2019h\u00e9sitez pas \u00e0 nous contacter pour en savoir plus.<\/p>\t\t\t\t\t\t\t\t<\/div>\n\t\t\t\t<\/div>\n\t\t\t\t\t<\/div>\n\t\t<\/div>\n\t\t\t\t<div class=\"elementor-column elementor-col-50 elementor-top-column elementor-element elementor-element-f1ec09c\" data-id=\"f1ec09c\" data-element_type=\"column\" data-e-type=\"column\">\n\t\t\t<div class=\"elementor-widget-wrap elementor-element-populated\">\n\t\t\t\t\t\t<div class=\"elementor-element elementor-element-a403778 elementor-widget elementor-widget-image\" data-id=\"a403778\" data-element_type=\"widget\" data-e-type=\"widget\" data-widget_type=\"image.default\">\n\t\t\t\t<div class=\"elementor-widget-container\">\n\t\t\t\t\t\t\t\t\t\t\t\t\t\t\t<img fetchpriority=\"high\" decoding=\"async\" width=\"768\" height=\"1024\" src=\"https:\/\/shaktiyogalabaule.fr\/wp-content\/uploads\/2022\/08\/70493694-2990-40BB-8320-A1CE0F39A192-768x1024.jpeg\" class=\"attachment-large size-large wp-image-167\" alt=\"cours priv\u00e9s\" srcset=\"https:\/\/shaktiyogalabaule.fr\/wp-content\/uploads\/2022\/08\/70493694-2990-40BB-8320-A1CE0F39A192-768x1024.jpeg 768w, https:\/\/shaktiyogalabaule.fr\/wp-content\/uploads\/2022\/08\/70493694-2990-40BB-8320-A1CE0F39A192-225x300.jpeg 225w, https:\/\/shaktiyogalabaule.fr\/wp-content\/uploads\/2022\/08\/70493694-2990-40BB-8320-A1CE0F39A192-1152x1536.jpeg 1152w, https:\/\/shaktiyogalabaule.fr\/wp-content\/uploads\/2022\/08\/70493694-2990-40BB-8320-A1CE0F39A192-1536x2048.jpeg 1536w, https:\/\/shaktiyogalabaule.fr\/wp-content\/uploads\/2022\/08\/70493694-2990-40BB-8320-A1CE0F39A192-scaled.jpeg 1920w\" sizes=\"(max-width: 768px) 100vw, 768px\" \/>\t\t\t\t\t\t\t\t\t\t\t\t\t\t\t<\/div>\n\t\t\t\t<\/div>\n\t\t\t\t\t<\/div>\n\t\t<\/div>\n\t\t\t\t\t<\/div>\n\t\t<\/section>\n\t\t\t\t<\/div>\n\t\t","protected":false},"excerpt":{"rendered":"<p>Cours Priv\u00e9s individuel ou en groupe : \u00e0 votre domicile ou \u00e0 la plage &#8230; Peu importe si vous cherchez \u00e0 progresser dans votre pratique ou si vous souhaitez faire une activit\u00e9 de groupe (enterrement de vie de jeune fille, s\u00e9minaire, renforcement de l&rsquo;esprit d\u2019\u00e9quipe). Les s\u00e9ances sont adapt\u00e9es et compl\u00e8tement personnalis\u00e9es selon vos besoins. [&hellip;]<\/p>\n","protected":false},"author":1,"featured_media":0,"parent":0,"menu_order":0,"comment_status":"closed","ping_status":"closed","template":"","meta":{"footnotes":""},"class_list":["post-1073","page","type-page","status-publish","hentry"],"yoast_head":"<!-- This site is optimized with the Yoast SEO plugin v27.3 - https:\/\/yoast.com\/product\/yoast-seo-wordpress\/ -->\n<title>Cours Priv\u00e9s - Shakti Yoga La Baule<\/title>\n<meta name=\"robots\" content=\"index, follow, max-snippet:-1, max-image-preview:large, max-video-preview:-1\" \/>\n<link rel=\"canonical\" href=\"https:\/\/shaktiyogalabaule.fr\/index.php\/cours-prives\/\" \/>\n<meta property=\"og:locale\" content=\"fr_FR\" \/>\n<meta property=\"og:type\" content=\"article\" \/>\n<meta property=\"og:title\" content=\"Cours Priv\u00e9s - Shakti Yoga La Baule\" \/>\n<meta property=\"og:description\" content=\"Cours Priv\u00e9s individuel ou en groupe : \u00e0 votre domicile ou \u00e0 la plage &#8230; Peu importe si vous cherchez \u00e0 progresser dans votre pratique ou si vous souhaitez faire une activit\u00e9 de groupe (enterrement de vie de jeune fille, s\u00e9minaire, renforcement de l&rsquo;esprit d\u2019\u00e9quipe). Les s\u00e9ances sont adapt\u00e9es et compl\u00e8tement personnalis\u00e9es selon vos besoins. [&hellip;]\" \/>\n<meta property=\"og:url\" content=\"https:\/\/shaktiyogalabaule.fr\/index.php\/cours-prives\/\" \/>\n<meta property=\"og:site_name\" content=\"Shakti Yoga La Baule\" \/>\n<meta property=\"article:publisher\" content=\"https:\/\/www.facebook.com\/ShaktiYogaLaBaule\/\" \/>\n<meta property=\"article:modified_time\" content=\"2026-01-27T20:01:21+00:00\" \/>\n<meta property=\"og:image\" content=\"https:\/\/shaktiyogalabaule.fr\/wp-content\/uploads\/2022\/08\/70493694-2990-40BB-8320-A1CE0F39A192-scaled.jpeg\" \/>\n\t<meta property=\"og:image:width\" content=\"1920\" \/>\n\t<meta property=\"og:image:height\" content=\"2560\" \/>\n\t<meta property=\"og:image:type\" content=\"image\/jpeg\" \/>\n<meta name=\"twitter:card\" content=\"summary_large_image\" \/>\n<meta name=\"twitter:label1\" content=\"Dur\u00e9e de lecture estim\u00e9e\" \/>\n\t<meta name=\"twitter:data1\" content=\"1 minute\" \/>\n<script type=\"application\/ld+json\" class=\"yoast-schema-graph\">{\"@context\":\"https:\\\/\\\/schema.org\",\"@graph\":[{\"@type\":\"WebPage\",\"@id\":\"https:\\\/\\\/shaktiyogalabaule.fr\\\/index.php\\\/cours-prives\\\/\",\"url\":\"https:\\\/\\\/shaktiyogalabaule.fr\\\/index.php\\\/cours-prives\\\/\",\"name\":\"Cours Priv\u00e9s - Shakti Yoga La Baule\",\"isPartOf\":{\"@id\":\"https:\\\/\\\/shaktiyogalabaule.fr\\\/#website\"},\"primaryImageOfPage\":{\"@id\":\"https:\\\/\\\/shaktiyogalabaule.fr\\\/index.php\\\/cours-prives\\\/#primaryimage\"},\"image\":{\"@id\":\"https:\\\/\\\/shaktiyogalabaule.fr\\\/index.php\\\/cours-prives\\\/#primaryimage\"},\"thumbnailUrl\":\"https:\\\/\\\/shaktiyogalabaule.fr\\\/wp-content\\\/uploads\\\/2022\\\/08\\\/70493694-2990-40BB-8320-A1CE0F39A192-768x1024.jpeg\",\"datePublished\":\"2023-11-08T07:11:49+00:00\",\"dateModified\":\"2026-01-27T20:01:21+00:00\",\"breadcrumb\":{\"@id\":\"https:\\\/\\\/shaktiyogalabaule.fr\\\/index.php\\\/cours-prives\\\/#breadcrumb\"},\"inLanguage\":\"fr-FR\",\"potentialAction\":[{\"@type\":\"ReadAction\",\"target\":[\"https:\\\/\\\/shaktiyogalabaule.fr\\\/index.php\\\/cours-prives\\\/\"]}]},{\"@type\":\"ImageObject\",\"inLanguage\":\"fr-FR\",\"@id\":\"https:\\\/\\\/shaktiyogalabaule.fr\\\/index.php\\\/cours-prives\\\/#primaryimage\",\"url\":\"https:\\\/\\\/shaktiyogalabaule.fr\\\/wp-content\\\/uploads\\\/2022\\\/08\\\/70493694-2990-40BB-8320-A1CE0F39A192-scaled.jpeg\",\"contentUrl\":\"https:\\\/\\\/shaktiyogalabaule.fr\\\/wp-content\\\/uploads\\\/2022\\\/08\\\/70493694-2990-40BB-8320-A1CE0F39A192-scaled.jpeg\",\"width\":1920,\"height\":2560,\"caption\":\"cours priv\u00e9s\"},{\"@type\":\"BreadcrumbList\",\"@id\":\"https:\\\/\\\/shaktiyogalabaule.fr\\\/index.php\\\/cours-prives\\\/#breadcrumb\",\"itemListElement\":[{\"@type\":\"ListItem\",\"position\":1,\"name\":\"Accueil\",\"item\":\"https:\\\/\\\/shaktiyogalabaule.fr\\\/\"},{\"@type\":\"ListItem\",\"position\":2,\"name\":\"Cours Priv\u00e9s\"}]},{\"@type\":\"WebSite\",\"@id\":\"https:\\\/\\\/shaktiyogalabaule.fr\\\/#website\",\"url\":\"https:\\\/\\\/shaktiyogalabaule.fr\\\/\",\"name\":\"Shakti Yoga La Baule\",\"description\":\"Shakti Yoga La Baule\",\"publisher\":{\"@id\":\"https:\\\/\\\/shaktiyogalabaule.fr\\\/#organization\"},\"potentialAction\":[{\"@type\":\"SearchAction\",\"target\":{\"@type\":\"EntryPoint\",\"urlTemplate\":\"https:\\\/\\\/shaktiyogalabaule.fr\\\/?s={search_term_string}\"},\"query-input\":{\"@type\":\"PropertyValueSpecification\",\"valueRequired\":true,\"valueName\":\"search_term_string\"}}],\"inLanguage\":\"fr-FR\"},{\"@type\":\"Organization\",\"@id\":\"https:\\\/\\\/shaktiyogalabaule.fr\\\/#organization\",\"name\":\"Shakti Yoga La Baule\",\"url\":\"https:\\\/\\\/shaktiyogalabaule.fr\\\/\",\"logo\":{\"@type\":\"ImageObject\",\"inLanguage\":\"fr-FR\",\"@id\":\"https:\\\/\\\/shaktiyogalabaule.fr\\\/#\\\/schema\\\/logo\\\/image\\\/\",\"url\":\"https:\\\/\\\/shaktiyogalabaule.fr\\\/wp-content\\\/uploads\\\/2022\\\/08\\\/Yoga-colour-2-01.png\",\"contentUrl\":\"https:\\\/\\\/shaktiyogalabaule.fr\\\/wp-content\\\/uploads\\\/2022\\\/08\\\/Yoga-colour-2-01.png\",\"width\":3544,\"height\":3544,\"caption\":\"Shakti Yoga La Baule\"},\"image\":{\"@id\":\"https:\\\/\\\/shaktiyogalabaule.fr\\\/#\\\/schema\\\/logo\\\/image\\\/\"},\"sameAs\":[\"https:\\\/\\\/www.facebook.com\\\/ShaktiYogaLaBaule\\\/\",\"https:\\\/\\\/www.instagram.com\\\/shaktiyoga.labaule\\\/\"]}]}<\/script>\n<!-- \/ Yoast SEO plugin. -->","yoast_head_json":{"title":"Cours Priv\u00e9s - Shakti Yoga La Baule","robots":{"index":"index","follow":"follow","max-snippet":"max-snippet:-1","max-image-preview":"max-image-preview:large","max-video-preview":"max-video-preview:-1"},"canonical":"https:\/\/shaktiyogalabaule.fr\/index.php\/cours-prives\/","og_locale":"fr_FR","og_type":"article","og_title":"Cours Priv\u00e9s - Shakti Yoga La Baule","og_description":"Cours Priv\u00e9s individuel ou en groupe : \u00e0 votre domicile ou \u00e0 la plage &#8230; Peu importe si vous cherchez \u00e0 progresser dans votre pratique ou si vous souhaitez faire une activit\u00e9 de groupe (enterrement de vie de jeune fille, s\u00e9minaire, renforcement de l&rsquo;esprit d\u2019\u00e9quipe). Les s\u00e9ances sont adapt\u00e9es et compl\u00e8tement personnalis\u00e9es selon vos besoins. [&hellip;]","og_url":"https:\/\/shaktiyogalabaule.fr\/index.php\/cours-prives\/","og_site_name":"Shakti Yoga La Baule","article_publisher":"https:\/\/www.facebook.com\/ShaktiYogaLaBaule\/","article_modified_time":"2026-01-27T20:01:21+00:00","og_image":[{"width":1920,"height":2560,"url":"https:\/\/shaktiyogalabaule.fr\/wp-content\/uploads\/2022\/08\/70493694-2990-40BB-8320-A1CE0F39A192-scaled.jpeg","type":"image\/jpeg"}],"twitter_card":"summary_large_image","twitter_misc":{"Dur\u00e9e de lecture estim\u00e9e":"1 minute"},"schema":{"@context":"https:\/\/schema.org","@graph":[{"@type":"WebPage","@id":"https:\/\/shaktiyogalabaule.fr\/index.php\/cours-prives\/","url":"https:\/\/shaktiyogalabaule.fr\/index.php\/cours-prives\/","name":"Cours Priv\u00e9s - Shakti Yoga La Baule","isPartOf":{"@id":"https:\/\/shaktiyogalabaule.fr\/#website"},"primaryImageOfPage":{"@id":"https:\/\/shaktiyogalabaule.fr\/index.php\/cours-prives\/#primaryimage"},"image":{"@id":"https:\/\/shaktiyogalabaule.fr\/index.php\/cours-prives\/#primaryimage"},"thumbnailUrl":"https:\/\/shaktiyogalabaule.fr\/wp-content\/uploads\/2022\/08\/70493694-2990-40BB-8320-A1CE0F39A192-768x1024.jpeg","datePublished":"2023-11-08T07:11:49+00:00","dateModified":"2026-01-27T20:01:21+00:00","breadcrumb":{"@id":"https:\/\/shaktiyogalabaule.fr\/index.php\/cours-prives\/#breadcrumb"},"inLanguage":"fr-FR","potentialAction":[{"@type":"ReadAction","target":["https:\/\/shaktiyogalabaule.fr\/index.php\/cours-prives\/"]}]},{"@type":"ImageObject","inLanguage":"fr-FR","@id":"https:\/\/shaktiyogalabaule.fr\/index.php\/cours-prives\/#primaryimage","url":"https:\/\/shaktiyogalabaule.fr\/wp-content\/uploads\/2022\/08\/70493694-2990-40BB-8320-A1CE0F39A192-scaled.jpeg","contentUrl":"https:\/\/shaktiyogalabaule.fr\/wp-content\/uploads\/2022\/08\/70493694-2990-40BB-8320-A1CE0F39A192-scaled.jpeg","width":1920,"height":2560,"caption":"cours priv\u00e9s"},{"@type":"BreadcrumbList","@id":"https:\/\/shaktiyogalabaule.fr\/index.php\/cours-prives\/#breadcrumb","itemListElement":[{"@type":"ListItem","position":1,"name":"Accueil","item":"https:\/\/shaktiyogalabaule.fr\/"},{"@type":"ListItem","position":2,"name":"Cours Priv\u00e9s"}]},{"@type":"WebSite","@id":"https:\/\/shaktiyogalabaule.fr\/#website","url":"https:\/\/shaktiyogalabaule.fr\/","name":"Shakti Yoga La Baule","description":"Shakti Yoga La Baule","publisher":{"@id":"https:\/\/shaktiyogalabaule.fr\/#organization"},"potentialAction":[{"@type":"SearchAction","target":{"@type":"EntryPoint","urlTemplate":"https:\/\/shaktiyogalabaule.fr\/?s={search_term_string}"},"query-input":{"@type":"PropertyValueSpecification","valueRequired":true,"valueName":"search_term_string"}}],"inLanguage":"fr-FR"},{"@type":"Organization","@id":"https:\/\/shaktiyogalabaule.fr\/#organization","name":"Shakti Yoga La Baule","url":"https:\/\/shaktiyogalabaule.fr\/","logo":{"@type":"ImageObject","inLanguage":"fr-FR","@id":"https:\/\/shaktiyogalabaule.fr\/#\/schema\/logo\/image\/","url":"https:\/\/shaktiyogalabaule.fr\/wp-content\/uploads\/2022\/08\/Yoga-colour-2-01.png","contentUrl":"https:\/\/shaktiyogalabaule.fr\/wp-content\/uploads\/2022\/08\/Yoga-colour-2-01.png","width":3544,"height":3544,"caption":"Shakti Yoga La Baule"},"image":{"@id":"https:\/\/shaktiyogalabaule.fr\/#\/schema\/logo\/image\/"},"sameAs":["https:\/\/www.facebook.com\/ShaktiYogaLaBaule\/","https:\/\/www.instagram.com\/shaktiyoga.labaule\/"]}]}},"_links":{"self":[{"href":"https:\/\/shaktiyogalabaule.fr\/index.php\/wp-json\/wp\/v2\/pages\/1073","targetHints":{"allow":["GET"]}}],"collection":[{"href":"https:\/\/shaktiyogalabaule.fr\/index.php\/wp-json\/wp\/v2\/pages"}],"about":[{"href":"https:\/\/shaktiyogalabaule.fr\/index.php\/wp-json\/wp\/v2\/types\/page"}],"author":[{"embeddable":true,"href":"https:\/\/shaktiyogalabaule.fr\/index.php\/wp-json\/wp\/v2\/users\/1"}],"replies":[{"embeddable":true,"href":"https:\/\/shaktiyogalabaule.fr\/index.php\/wp-json\/wp\/v2\/comments?post=1073"}],"version-history":[{"count":71,"href":"https:\/\/shaktiyogalabaule.fr\/index.php\/wp-json\/wp\/v2\/pages\/1073\/revisions"}],"predecessor-version":[{"id":1715,"href":"https:\/\/shaktiyogalabaule.fr\/index.php\/wp-json\/wp\/v2\/pages\/1073\/revisions\/1715"}],"wp:attachment":[{"href":"https:\/\/shaktiyogalabaule.fr\/index.php\/wp-json\/wp\/v2\/media?parent=1073"}],"curies":[{"name":"wp","href":"https:\/\/api.w.org\/{rel}","templated":true}]}}